{"id":7,"date":"2018-12-23T07:19:04","date_gmt":"2018-12-23T06:19:04","guid":{"rendered":"http:\/\/www.kovinarstvo-cermelj.com\/?page_id=7"},"modified":"2018-12-23T08:23:50","modified_gmt":"2018-12-23T07:23:50","slug":"o-nas","status":"publish","type":"page","link":"http:\/\/www.kovinarstvo-cermelj.com\/it\/","title":{"rendered":"O nas"},"content":{"rendered":"\n<p>Z obrtno\ndejavnostjo smo za\u010deli leta 1991. Iz majhne doma\u010de delavnice smo dejavnost \u010dez\nleta raz\u0161irili in tako smo se pred kratkim preselili na novo lokacijo, in sicer\nv obrtno cono v Ajdov\u0161\u010dini, Tovarni\u0161ka cesta 6 f. Sedaj obratujemo na veliko\nve\u010djem delovnem prostoru, kateri nam tudi omogo\u010da izdelavo ve\u010djih in\nzahtevnej\u0161ih projektov. Zaposlenih imamo devet delavcev. Na\u0161 proizvodni program\ntemelji na projektiranju in izdelavi raznovrstnih izdelkov iz nerjavnega jekla\n(inox materiala). Vso opremo izdelujemo namensko, po \u017eeljah in zahtevah\nnaro\u010dnikov. Pona\u0161amo se z izdelavo in opremo celotnih kleti, tudi posamezni\nizdelki izstopajo s svojo kvaliteto in dizajnom. <\/p>\n\n\n\n<p>Na\u0161 trg je izredno\nraznolik. Poleg doma\u010dega, delamo tudi za tuji. Najve\u010d na\u0161ih izdelkov se prodaja\nna podro\u010dju Evropske unije.<\/p>\n","protected":false},"excerpt":{"rendered":"<p>Z obrtno dejavnostjo smo za\u010deli leta 1991. Iz majhne doma\u010de delavnice smo dejavnost \u010dez leta raz\u0161irili in tako smo se pred kratkim preselili na novo lokacijo, in sicer v obrtno &#8230;<\/p>\n","protected":false},"author":1,"featured_media":0,"parent":0,"menu_order":0,"comment_status":"closed","ping_status":"closed","template":"template-frontpage.php","meta":{"footnotes":""},"class_list":["post-7","page","type-page","status-publish","hentry"],"_links":{"self":[{"href":"http:\/\/www.kovinarstvo-cermelj.com\/it\/wp-json\/wp\/v2\/pages\/7","targetHints":{"allow":["GET"]}}],"collection":[{"href":"http:\/\/www.kovinarstvo-cermelj.com\/it\/wp-json\/wp\/v2\/pages"}],"about":[{"href":"http:\/\/www.kovinarstvo-cermelj.com\/it\/wp-json\/wp\/v2\/types\/page"}],"author":[{"embeddable":true,"href":"http:\/\/www.kovinarstvo-cermelj.com\/it\/wp-json\/wp\/v2\/users\/1"}],"replies":[{"embeddable":true,"href":"http:\/\/www.kovinarstvo-cermelj.com\/it\/wp-json\/wp\/v2\/comments?post=7"}],"version-history":[{"count":2,"href":"http:\/\/www.kovinarstvo-cermelj.com\/it\/wp-json\/wp\/v2\/pages\/7\/revisions"}],"predecessor-version":[{"id":343,"href":"http:\/\/www.kovinarstvo-cermelj.com\/it\/wp-json\/wp\/v2\/pages\/7\/revisions\/343"}],"wp:attachment":[{"href":"http:\/\/www.kovinarstvo-cermelj.com\/it\/wp-json\/wp\/v2\/media?parent=7"}],"curies":[{"name":"wp","href":"https:\/\/api.w.org\/{rel}","templated":true}]}}